{"id":111,"date":"2015-05-09T06:50:40","date_gmt":"2015-05-09T06:50:40","guid":{"rendered":"http:\/\/maciejpiekarski.pl\/?page_id=111"},"modified":"2018-02-21T10:01:33","modified_gmt":"2018-02-21T10:01:33","slug":"pastele","status":"publish","type":"page","link":"http:\/\/maciejpiekarski.pl\/?page_id=111","title":{"rendered":"Pastele"},"content":{"rendered":"<figure id=\"attachment_112\" aria-describedby=\"caption-attachment-112\" style=\"width: 260px\" class=\"wp-caption aligncenter\"><a href=\"http:\/\/maciejpiekarski.pl\/wp-content\/uploads\/2015\/05\/IMG_9051.jpg\"><img loading=\"lazy\" decoding=\"async\" class=\"wp-image-112 size-medium\" src=\"http:\/\/maciejpiekarski.pl\/wp-content\/uploads\/2015\/05\/IMG_9051-260x300.jpg\" alt=\"IMG_9051\" width=\"260\" height=\"300\" srcset=\"http:\/\/maciejpiekarski.pl\/wp-content\/uploads\/2015\/05\/IMG_9051-260x300.jpg 260w, http:\/\/maciejpiekarski.pl\/wp-content\/uploads\/2015\/05\/IMG_9051.jpg 480w\" sizes=\"auto, (max-width: 260px) 100vw, 260px\" \/><\/a><figcaption id=\"caption-attachment-112\" class=\"wp-caption-text\">\u015alubny bukiet rodzic\u00f3w i tygielek, kt\u00f3ry Tata zrobi\u0142 dla Mamy<\/figcaption><\/figure>\n<figure id=\"attachment_347\" aria-describedby=\"caption-attachment-347\" style=\"width: 225px\" class=\"wp-caption aligncenter\"><a href=\"http:\/\/maciejpiekarski.pl\/wp-content\/uploads\/2018\/02\/IMG_5482-e1519207232240.jpg\"><img loading=\"lazy\" decoding=\"async\" class=\"wp-image-347 size-medium\" src=\"http:\/\/maciejpiekarski.pl\/wp-content\/uploads\/2018\/02\/IMG_5482-e1519207232240-225x300.jpg\" alt=\"\" width=\"225\" height=\"300\" srcset=\"http:\/\/maciejpiekarski.pl\/wp-content\/uploads\/2018\/02\/IMG_5482-e1519207232240-225x300.jpg 225w, http:\/\/maciejpiekarski.pl\/wp-content\/uploads\/2018\/02\/IMG_5482-e1519207232240-768x1024.jpg 768w\" sizes=\"auto, (max-width: 225px) 100vw, 225px\" \/><\/a><figcaption id=\"caption-attachment-347\" class=\"wp-caption-text\">A to obraz namalowany w prezencie dla te\u015bciowej &#8211; Konstancji z Kurzy\u0144skich Stecowej<\/figcaption><\/figure>\n<p><a href=\"http:\/\/maciejpiekarski.pl\/wp-content\/uploads\/2015\/05\/miasto1.jpg\"><img loading=\"lazy\" decoding=\"async\" class=\" size-medium wp-image-113 aligncenter\" src=\"http:\/\/maciejpiekarski.pl\/wp-content\/uploads\/2015\/05\/miasto1-208x300.jpg\" alt=\"miasto1\" width=\"208\" height=\"300\" srcset=\"http:\/\/maciejpiekarski.pl\/wp-content\/uploads\/2015\/05\/miasto1-208x300.jpg 208w, http:\/\/maciejpiekarski.pl\/wp-content\/uploads\/2015\/05\/miasto1.jpg 221w\" sizes=\"auto, (max-width: 208px) 100vw, 208px\" \/><\/a> <a href=\"http:\/\/maciejpiekarski.pl\/wp-content\/uploads\/2015\/05\/miasto2.jpg\"><img loading=\"lazy\" decoding=\"async\" class=\" size-medium wp-image-114 aligncenter\" src=\"http:\/\/maciejpiekarski.pl\/wp-content\/uploads\/2015\/05\/miasto2-210x300.jpg\" alt=\"miasto2\" width=\"210\" height=\"300\" srcset=\"http:\/\/maciejpiekarski.pl\/wp-content\/uploads\/2015\/05\/miasto2-210x300.jpg 210w, http:\/\/maciejpiekarski.pl\/wp-content\/uploads\/2015\/05\/miasto2.jpg 224w\" sizes=\"auto, (max-width: 210px) 100vw, 210px\" \/><\/a> <a href=\"http:\/\/maciejpiekarski.pl\/wp-content\/uploads\/2015\/05\/miasto3.jpg\"><img loading=\"lazy\" decoding=\"async\" class=\" size-medium wp-image-115 aligncenter\" src=\"http:\/\/maciejpiekarski.pl\/wp-content\/uploads\/2015\/05\/miasto3-207x300.jpg\" alt=\"miasto3\" width=\"207\" height=\"300\" srcset=\"http:\/\/maciejpiekarski.pl\/wp-content\/uploads\/2015\/05\/miasto3-207x300.jpg 207w, http:\/\/maciejpiekarski.pl\/wp-content\/uploads\/2015\/05\/miasto3.jpg 220w\" sizes=\"auto, (max-width: 207px) 100vw, 207px\" \/><\/a> <a href=\"http:\/\/maciejpiekarski.pl\/wp-content\/uploads\/2015\/05\/miasto4.jpg\"><img loading=\"lazy\" decoding=\"async\" class=\" size-medium wp-image-116 aligncenter\" src=\"http:\/\/maciejpiekarski.pl\/wp-content\/uploads\/2015\/05\/miasto4-300x208.jpg\" alt=\"miasto4\" width=\"300\" height=\"208\" srcset=\"http:\/\/maciejpiekarski.pl\/wp-content\/uploads\/2015\/05\/miasto4-300x208.jpg 300w, http:\/\/maciejpiekarski.pl\/wp-content\/uploads\/2015\/05\/miasto4.jpg 320w\" sizes=\"auto, (max-width: 300px) 100vw, 300px\" \/><\/a> <a href=\"http:\/\/maciejpiekarski.pl\/wp-content\/uploads\/2015\/05\/miasto5.jpg\"><img loading=\"lazy\" decoding=\"async\" class=\" size-medium wp-image-117 aligncenter\" src=\"http:\/\/maciejpiekarski.pl\/wp-content\/uploads\/2015\/05\/miasto5-208x300.jpg\" alt=\"miasto5\" width=\"208\" height=\"300\" srcset=\"http:\/\/maciejpiekarski.pl\/wp-content\/uploads\/2015\/05\/miasto5-208x300.jpg 208w, http:\/\/maciejpiekarski.pl\/wp-content\/uploads\/2015\/05\/miasto5.jpg 222w\" sizes=\"auto, (max-width: 208px) 100vw, 208px\" \/><\/a> <a href=\"http:\/\/maciejpiekarski.pl\/wp-content\/uploads\/2015\/05\/miasto6.jpg\"><img loading=\"lazy\" decoding=\"async\" class=\" size-medium wp-image-118 aligncenter\" src=\"http:\/\/maciejpiekarski.pl\/wp-content\/uploads\/2015\/05\/miasto6-212x300.jpg\" alt=\"miasto6\" width=\"212\" height=\"300\" srcset=\"http:\/\/maciejpiekarski.pl\/wp-content\/uploads\/2015\/05\/miasto6-212x300.jpg 212w, http:\/\/maciejpiekarski.pl\/wp-content\/uploads\/2015\/05\/miasto6.jpg 226w\" sizes=\"auto, (max-width: 212px) 100vw, 212px\" \/><\/a> <a href=\"http:\/\/maciejpiekarski.pl\/wp-content\/uploads\/2015\/05\/miasto8.jpg\"><img loading=\"lazy\" decoding=\"async\" class=\" size-medium wp-image-119 aligncenter\" src=\"http:\/\/maciejpiekarski.pl\/wp-content\/uploads\/2015\/05\/miasto8-300x209.jpg\" alt=\"miasto8\" width=\"300\" height=\"209\" srcset=\"http:\/\/maciejpiekarski.pl\/wp-content\/uploads\/2015\/05\/miasto8-300x209.jpg 300w, http:\/\/maciejpiekarski.pl\/wp-content\/uploads\/2015\/05\/miasto8.jpg 320w\" sizes=\"auto, (max-width: 300px) 100vw, 300px\" \/><\/a> <a href=\"http:\/\/maciejpiekarski.pl\/wp-content\/uploads\/2015\/05\/miasto9.jpg\"><img loading=\"lazy\" decoding=\"async\" class=\" size-medium wp-image-120 aligncenter\" src=\"http:\/\/maciejpiekarski.pl\/wp-content\/uploads\/2015\/05\/miasto9-300x210.jpg\" alt=\"miasto9\" width=\"300\" height=\"210\" srcset=\"http:\/\/maciejpiekarski.pl\/wp-content\/uploads\/2015\/05\/miasto9-300x210.jpg 300w, http:\/\/maciejpiekarski.pl\/wp-content\/uploads\/2015\/05\/miasto9.jpg 319w\" sizes=\"auto, (max-width: 300px) 100vw, 300px\" \/><\/a><\/p>\n","protected":false},"excerpt":{"rendered":"","protected":false},"author":1,"featured_media":0,"parent":71,"menu_order":4,"comment_status":"closed","ping_status":"open","template":"","meta":{"footnotes":""},"class_list":["post-111","page","type-page","status-publish","hentry"],"_links":{"self":[{"href":"http:\/\/maciejpiekarski.pl\/index.php?rest_route=\/wp\/v2\/pages\/111","targetHints":{"allow":["GET"]}}],"collection":[{"href":"http:\/\/maciejpiekarski.pl\/index.php?rest_route=\/wp\/v2\/pages"}],"about":[{"href":"http:\/\/maciejpiekarski.pl\/index.php?rest_route=\/wp\/v2\/types\/page"}],"author":[{"embeddable":true,"href":"http:\/\/maciejpiekarski.pl\/index.php?rest_route=\/wp\/v2\/users\/1"}],"replies":[{"embeddable":true,"href":"http:\/\/maciejpiekarski.pl\/index.php?rest_route=%2Fwp%2Fv2%2Fcomments&post=111"}],"version-history":[{"count":3,"href":"http:\/\/maciejpiekarski.pl\/index.php?rest_route=\/wp\/v2\/pages\/111\/revisions"}],"predecessor-version":[{"id":349,"href":"http:\/\/maciejpiekarski.pl\/index.php?rest_route=\/wp\/v2\/pages\/111\/revisions\/349"}],"up":[{"embeddable":true,"href":"http:\/\/maciejpiekarski.pl\/index.php?rest_route=\/wp\/v2\/pages\/71"}],"wp:attachment":[{"href":"http:\/\/maciejpiekarski.pl\/index.php?rest_route=%2Fwp%2Fv2%2Fmedia&parent=111"}],"curies":[{"name":"wp","href":"https:\/\/api.w.org\/{rel}","templated":true}]}}