{"id":179,"date":"2015-05-09T07:31:03","date_gmt":"2015-05-09T07:31:03","guid":{"rendered":"http:\/\/maciejpiekarski.pl\/?page_id=179"},"modified":"2016-08-26T07:18:15","modified_gmt":"2016-08-26T07:18:15","slug":"samotna-placowka-2","status":"publish","type":"page","link":"http:\/\/maciejpiekarski.pl\/?page_id=179","title":{"rendered":"Samotna plac\u00f3wka"},"content":{"rendered":"<p><strong><a href=\"http:\/\/maciejpiekarski.pl\/wp-content\/uploads\/2015\/05\/samotna-placowka.jpg\"><img loading=\"lazy\" decoding=\"async\" class=\"alignleft size-medium wp-image-175\" src=\"http:\/\/maciejpiekarski.pl\/wp-content\/uploads\/2015\/05\/samotna-placowka-185x300.jpg\" alt=\"samotna placowka\" width=\"185\" height=\"300\" srcset=\"http:\/\/maciejpiekarski.pl\/wp-content\/uploads\/2015\/05\/samotna-placowka-185x300.jpg 185w, http:\/\/maciejpiekarski.pl\/wp-content\/uploads\/2015\/05\/samotna-placowka.jpg 359w\" sizes=\"auto, (max-width: 185px) 100vw, 185px\" \/><\/a>Tytu\u0142: <\/strong>Samotna plac\u00f3wka<br \/>\n<strong>Autor: <\/strong>Maciej Piekarski<br \/>\n<strong>wydawca:<\/strong> MON<br \/>\n<strong>miejsce wydania:<\/strong> Warszawa 1989<br \/>\n<strong>ISBN:<\/strong> 83-11-07733-9<br \/>\n<strong>liczba stron:<\/strong> 360<br \/>\n<strong>kategoria:<\/strong> dokument<br \/>\n<strong>format:<\/strong> A5<br \/>\n<strong>oprawa:<\/strong> mi\u0119kka plus obwoluta<br \/>\n<strong>ilustracje:<\/strong> fotografie z archiwum autora<\/p>\n<p>&nbsp;<\/p>\n<p>&#8222;Gdy jedziemy warszawsk\u0105 Wis\u0142ostrad\u0105 z p\u00f3\u0142nocy w kierunku Wilanowa, za mostem Berlinga najpierw mijamy ci\u0105gn\u0105ce si\u0119 po lewej stronie pola siekierkowskie, potem otoczony bia\u0142ym murem pi\u0119kny barokowy ko\u015bci\u00f3\u0142 i klasztor Bernardyn\u00f3w na Czerniakowie, nieco dalej za\u015b, tu\u017c za druga k\u0142adk\u0105 dla pieszych, \u0142\u0105cz\u0105c\u0105 ulic\u0119 Or\u0119\u017cn\u0105 (dawna Podhala\u0144ska) z ulic\u0105 Zielon\u0105, dostrzegamy na lewo bia\u0142y, trzypi\u0119trowy blok, a na prawo malownicze ruiny starego fortu. I blok ten, i ruiny fortu s\u0105 zapisane z\u0142otymi zg\u0142oskami zar\u00f3wno w dziejach obrony Warszawy w roku 1939, jak i p\u00f3\u017aniej, w dziejach Powstania Warszawskiego. Ksi\u0105\u017cka ta po\u015bwi\u0119cona jest obronie Fortu Czerniakowskiego i Sadyby w roku 1939, a wydarzenia, o kt\u00f3rych w niej mowa, rozegra\u0142y si\u0119 na terenie po\u0142o\u017conym w dawnej pradolinie Wis\u0142y, ograniczonym od zachodu skarp\u0105 biegn\u0105c\u0105 wzd\u0142u\u017c ulicy Pu\u0142awskiej, zakr\u0119caj\u0105c\u0105 w okolicach placu Unii Lubelskiej na p\u00f3\u0142nocny wsch\u00f3d ku brzegowi dzisiejszego koryta Wis\u0142y. Na po\u0142udnie teren otwiera si\u0119 na mazowieck\u0105 r\u00f3wnin\u0119.&#8221;<br \/>\nze Wst\u0119pu<\/p>\n<p align=\"justify\"><em>&#8222;Tytu\u0142 tej pracy skojarzy\u0142 mi si\u0119 natychmiast z obron\u0105 Westerplatte. \u0179le to czy dobrze? W\u0142a\u015bnie dobrze, bo takich plac\u00f3wek jak Westerplatte by\u0142o w tej polskiej dramatycznej wojnie wi\u0119cej, cho\u0107 tak pi\u0119knych &gt;Pi\u00f3ropusz\u00f3w s\u0142awy&lt; im nie dano.<br \/>\nMaciej Piekarski to uczyni\u0142 &#8211; przyznam &#8211; z powodzeniem. Stwierdzaj\u0105c, \u017ce uczyni\u0142 to z powodzeniem, mam na my\u015bli wykorzystanie \u017ar\u00f3de\u0142, g\u0142\u00f3wnie relacji, i to tych ma\u0142o znanych albo nie znanych w og\u00f3le, bo \u017ar\u00f3d\u0142a dokumentalne rewelacji nie stanowi\u0105, oraz form\u0119, kt\u00f3r\u0105 upatruj\u0119 w intensywnym, prawie bezb\u0142\u0119dnym \u0142\u0105czeniu dokument\u00f3w, relacji i autorskiej narracji w jedn\u0105 frapuj\u0105c\u0105 ca\u0142o\u015b\u0107.&#8221;<br \/>\n<\/em><em>Tadeusz Jurga (z recenzji dla wydawcy)<\/em><\/p>\n<p align=\"justify\">\n","protected":false},"excerpt":{"rendered":"<p>Tytu\u0142: Samotna plac\u00f3wka Autor: Maciej Piekarski wydawca: MON miejsce wydania: Warszawa 1989 ISBN: 83-11-07733-9 liczba stron: 360 kategoria: dokument format: A5 oprawa: mi\u0119kka plus obwoluta ilustracje: fotografie z archiwum autora &nbsp; &#8222;Gdy jedziemy warszawsk\u0105 Wis\u0142ostrad\u0105 z p\u00f3\u0142nocy w kierunku Wilanowa, za mostem Berlinga najpierw mijamy ci\u0105gn\u0105ce si\u0119 po lewej stronie pola siekierkowskie, potem otoczony bia\u0142ym &hellip; <a href=\"http:\/\/maciejpiekarski.pl\/?page_id=179\" class=\"more-link\">Czytaj dalej <span class=\"screen-reader-text\">Samotna plac\u00f3wka<\/span><\/a><\/p>\n","protected":false},"author":1,"featured_media":0,"parent":73,"menu_order":2,"comment_status":"closed","ping_status":"open","template":"","meta":{"footnotes":""},"class_list":["post-179","page","type-page","status-publish","hentry"],"_links":{"self":[{"href":"http:\/\/maciejpiekarski.pl\/index.php?rest_route=\/wp\/v2\/pages\/179","targetHints":{"allow":["GET"]}}],"collection":[{"href":"http:\/\/maciejpiekarski.pl\/index.php?rest_route=\/wp\/v2\/pages"}],"about":[{"href":"http:\/\/maciejpiekarski.pl\/index.php?rest_route=\/wp\/v2\/types\/page"}],"author":[{"embeddable":true,"href":"http:\/\/maciejpiekarski.pl\/index.php?rest_route=\/wp\/v2\/users\/1"}],"replies":[{"embeddable":true,"href":"http:\/\/maciejpiekarski.pl\/index.php?rest_route=%2Fwp%2Fv2%2Fcomments&post=179"}],"version-history":[{"count":3,"href":"http:\/\/maciejpiekarski.pl\/index.php?rest_route=\/wp\/v2\/pages\/179\/revisions"}],"predecessor-version":[{"id":286,"href":"http:\/\/maciejpiekarski.pl\/index.php?rest_route=\/wp\/v2\/pages\/179\/revisions\/286"}],"up":[{"embeddable":true,"href":"http:\/\/maciejpiekarski.pl\/index.php?rest_route=\/wp\/v2\/pages\/73"}],"wp:attachment":[{"href":"http:\/\/maciejpiekarski.pl\/index.php?rest_route=%2Fwp%2Fv2%2Fmedia&parent=179"}],"curies":[{"name":"wp","href":"https:\/\/api.w.org\/{rel}","templated":true}]}}