{"id":71,"date":"2015-05-09T06:19:05","date_gmt":"2015-05-09T06:19:05","guid":{"rendered":"http:\/\/maciejpiekarski.pl\/?page_id=71"},"modified":"2015-05-09T11:14:50","modified_gmt":"2015-05-09T11:14:50","slug":"prace-plastyczne","status":"publish","type":"page","link":"http:\/\/maciejpiekarski.pl\/?page_id=71","title":{"rendered":"Prace plastyczne"},"content":{"rendered":"<p><a href=\"http:\/\/maciejpiekarski.pl\/wp-content\/uploads\/2015\/05\/tata-karykatura.jpg\"><img loading=\"lazy\" decoding=\"async\" class=\"alignleft size-medium wp-image-69\" src=\"http:\/\/maciejpiekarski.pl\/wp-content\/uploads\/2015\/05\/tata-karykatura-206x300.jpg\" alt=\"tata-karykatura\" width=\"206\" height=\"300\" srcset=\"http:\/\/maciejpiekarski.pl\/wp-content\/uploads\/2015\/05\/tata-karykatura-206x300.jpg 206w, http:\/\/maciejpiekarski.pl\/wp-content\/uploads\/2015\/05\/tata-karykatura.jpg 220w\" sizes=\"auto, (max-width: 206px) 100vw, 206px\" \/><\/a>Cz\u0142owiek renesansu &#8211; potrafi\u0142 nie tylko pi\u0119knie pisa\u0107, ze swad\u0105 opowiada\u0107, ale tak\u017ce \u015bpiewa\u0107 (niegdy\u015b zwi\u0105zany by\u0142 z ch\u00f3rem Harfa), ta\u0144czy\u0107, a nawet robi\u0107 bi\u017cuteri\u0119 i&#8230; malowa\u0107. W 2002 roku w galerii Muzeum Wojska Polskiego zaprezentowano <a href=\"http:\/\/maciejpiekarski.pl\/?page_id=85\" target=\"_blank\">po\u015bmiertn\u0105 wystaw\u0119 jego prac plastycznych<\/a>.<\/p>\n<p>&nbsp;<\/p>\n<p>&nbsp;<\/p>\n<p><strong>Jego prace plastyczne to:<\/strong><\/p>\n<ul>\n<li><a href=\"http:\/\/maciejpiekarski.pl\/?page_id=93\">Akwarele<\/a><\/li>\n<li><a href=\"http:\/\/maciejpiekarski.pl\/?page_id=96\">Grafiki<\/a><\/li>\n<li><a href=\"http:\/\/maciejpiekarski.pl\/?page_id=104\">Oleje<\/a><\/li>\n<li><a href=\"http:\/\/maciejpiekarski.pl\/?page_id=111\">Pastele<\/a><\/li>\n<li><a href=\"http:\/\/maciejpiekarski.pl\/?page_id=123\">Rysunki<\/a><\/li>\n<\/ul>\n<p>&nbsp;<\/p>\n","protected":false},"excerpt":{"rendered":"<p>Cz\u0142owiek renesansu &#8211; potrafi\u0142 nie tylko pi\u0119knie pisa\u0107, ze swad\u0105 opowiada\u0107, ale tak\u017ce \u015bpiewa\u0107 (niegdy\u015b zwi\u0105zany by\u0142 z ch\u00f3rem Harfa), ta\u0144czy\u0107, a nawet robi\u0107 bi\u017cuteri\u0119 i&#8230; malowa\u0107. W 2002 roku w galerii Muzeum Wojska Polskiego zaprezentowano po\u015bmiertn\u0105 wystaw\u0119 jego prac plastycznych. &nbsp; &nbsp; Jego prace plastyczne to: Akwarele Grafiki Oleje Pastele Rysunki &nbsp;<\/p>\n","protected":false},"author":1,"featured_media":0,"parent":0,"menu_order":4,"comment_status":"closed","ping_status":"open","template":"","meta":{"footnotes":""},"class_list":["post-71","page","type-page","status-publish","hentry"],"_links":{"self":[{"href":"http:\/\/maciejpiekarski.pl\/index.php?rest_route=\/wp\/v2\/pages\/71","targetHints":{"allow":["GET"]}}],"collection":[{"href":"http:\/\/maciejpiekarski.pl\/index.php?rest_route=\/wp\/v2\/pages"}],"about":[{"href":"http:\/\/maciejpiekarski.pl\/index.php?rest_route=\/wp\/v2\/types\/page"}],"author":[{"embeddable":true,"href":"http:\/\/maciejpiekarski.pl\/index.php?rest_route=\/wp\/v2\/users\/1"}],"replies":[{"embeddable":true,"href":"http:\/\/maciejpiekarski.pl\/index.php?rest_route=%2Fwp%2Fv2%2Fcomments&post=71"}],"version-history":[{"count":6,"href":"http:\/\/maciejpiekarski.pl\/index.php?rest_route=\/wp\/v2\/pages\/71\/revisions"}],"predecessor-version":[{"id":190,"href":"http:\/\/maciejpiekarski.pl\/index.php?rest_route=\/wp\/v2\/pages\/71\/revisions\/190"}],"wp:attachment":[{"href":"http:\/\/maciejpiekarski.pl\/index.php?rest_route=%2Fwp%2Fv2%2Fmedia&parent=71"}],"curies":[{"name":"wp","href":"https:\/\/api.w.org\/{rel}","templated":true}]}}